{"id":402114,"date":"2019-08-23T18:39:14","date_gmt":"2019-08-23T16:39:14","guid":{"rendered":"https:\/\/metrovacesa.com\/contacto"},"modified":"2023-12-29T12:39:03","modified_gmt":"2023-12-29T11:39:03","slug":"contacte","status":"publish","type":"page","link":"https:\/\/lacasaqueeres.metrovacesa.com\/ca\/contacte","title":{"rendered":"Contacte"},"content":{"rendered":"<p>T&#8217;acompanyem des del primer moment en tot el proc\u00e9s de compra, abans, durant i despr\u00e9s del lliurament, oferint-te informaci\u00f3 sobre:<\/p>\n<ol>\n<li>Les nostres promocions d\u00b4obra nova, en comercialitzaci\u00f3 i futurs llan\u00e7aments<\/li>\n<li>Gesti\u00f3 de visites als nostres punts de venda per informar-te de manera personalitzada sobre el que necessites con\u00e8ixer de casa teva.<\/li>\n<li>Assessorament gratu\u00eft a la teva capacitat financera amb un assessor personal per esbrinar quins habitatges s&#8217;ajusten al teu pressupost.<\/li>\n<li>Organitzaci\u00f3 de la visita de cortesia pr\u00e8via a l&#8217;escriptura de l&#8217;habitatge i la gesti\u00f3 de les possibles incid\u00e8ncies que puguis detectar al teu habitatge.<\/li>\n<li>Aix\u00ed com qualsevol altre dubte que tinguis relatiu al teu habitatge.<\/li>\n<\/ol>\n","protected":false},"excerpt":{"rendered":"<p>T&#8217;acompanyem des del primer moment en tot el proc\u00e9s de compra, abans, durant i despr\u00e9s del lliurament, oferint-te informaci\u00f3 sobre: Les nostres promocions d\u00b4obra nova, en comercialitzaci\u00f3 i futurs llan\u00e7aments Gesti\u00f3 de visites als nostres punts de venda per informar-te de manera personalitzada sobre el que necessites con\u00e8ixer de casa teva. Assessorament gratu\u00eft a la [&hellip;]<\/p>\n","protected":false},"author":21,"featured_media":0,"parent":0,"menu_order":30,"comment_status":"closed","ping_status":"closed","template":"template-contacto.php","meta":{"_acf_changed":false,"footnotes":""},"class_list":["post-402114","page","type-page","status-publish","hentry"],"acf":[],"yoast_head":"<!-- This site is optimized with the Yoast SEO Premium plugin v27.3 (Yoast SEO v27.3) - https:\/\/yoast.com\/product\/yoast-seo-premium-wordpress\/ -->\n<title>Metrovacesa<\/title>\n<meta name=\"robots\" content=\"noindex, follow, max-snippet:-1, max-image-preview:large, max-video-preview:-1\" \/>\n<meta property=\"og:locale\" content=\"ca_ES\" \/>\n<meta property=\"og:type\" content=\"article\" \/>\n<meta property=\"og:title\" content=\"Contacte\" \/>\n<meta property=\"og:description\" content=\"T&#8217;acompanyem des del primer moment en tot el proc\u00e9s de compra, abans, durant i despr\u00e9s del lliurament, oferint-te informaci\u00f3 sobre: Les nostres promocions d\u00b4obra nova, en comercialitzaci\u00f3 i futurs llan\u00e7aments Gesti\u00f3 de visites als nostres punts de venda per informar-te de manera personalitzada sobre el que necessites con\u00e8ixer de casa teva. Assessorament gratu\u00eft a la [&hellip;]\" \/>\n<meta property=\"og:url\" content=\"https:\/\/lacasaqueeres.metrovacesa.com\/ca\/contacte\" \/>\n<meta property=\"og:site_name\" content=\"Metrovacesa\" \/>\n<meta property=\"article:publisher\" content=\"https:\/\/www.facebook.com\/metrovacesa\" \/>\n<meta property=\"article:modified_time\" content=\"2023-12-29T11:39:03+00:00\" \/>\n<meta property=\"og:image\" content=\"https:\/\/lacasaqueeres.metrovacesa.com\/wp-content\/uploads\/2025\/02\/avatar_metrovacesa_facebook.png\" \/>\n\t<meta property=\"og:image:width\" content=\"360\" \/>\n\t<meta property=\"og:image:height\" content=\"360\" \/>\n\t<meta property=\"og:image:type\" content=\"image\/png\" \/>\n<meta name=\"twitter:card\" content=\"summary_large_image\" \/>\n<meta name=\"twitter:site\" content=\"@metrovacesa\" \/>\n<script type=\"application\/ld+json\" class=\"yoast-schema-graph\">{\"@context\":\"https:\\\/\\\/schema.org\",\"@graph\":null}<\/script>\n<!-- \/ Yoast SEO Premium plugin. -->","yoast_head_json":{"title":"Metrovacesa","robots":{"index":"noindex","follow":"follow","max-snippet":"max-snippet:-1","max-image-preview":"max-image-preview:large","max-video-preview":"max-video-preview:-1"},"og_locale":"ca_ES","og_type":"article","og_title":"Contacte","og_description":"T&#8217;acompanyem des del primer moment en tot el proc\u00e9s de compra, abans, durant i despr\u00e9s del lliurament, oferint-te informaci\u00f3 sobre: Les nostres promocions d\u00b4obra nova, en comercialitzaci\u00f3 i futurs llan\u00e7aments Gesti\u00f3 de visites als nostres punts de venda per informar-te de manera personalitzada sobre el que necessites con\u00e8ixer de casa teva. Assessorament gratu\u00eft a la [&hellip;]","og_url":"https:\/\/lacasaqueeres.metrovacesa.com\/ca\/contacte","og_site_name":"Metrovacesa","article_publisher":"https:\/\/www.facebook.com\/metrovacesa","article_modified_time":"2023-12-29T11:39:03+00:00","og_image":[{"width":360,"height":360,"url":"https:\/\/lacasaqueeres.metrovacesa.com\/wp-content\/uploads\/2025\/02\/avatar_metrovacesa_facebook.png","type":"image\/png"}],"twitter_card":"summary_large_image","twitter_site":"@metrovacesa","schema":{"@context":"https:\/\/schema.org","@graph":null}},"_links":{"self":[{"href":"https:\/\/lacasaqueeres.metrovacesa.com\/ca\/wp-json\/wp\/v2\/pages\/402114","targetHints":{"allow":["GET"]}}],"collection":[{"href":"https:\/\/lacasaqueeres.metrovacesa.com\/ca\/wp-json\/wp\/v2\/pages"}],"about":[{"href":"https:\/\/lacasaqueeres.metrovacesa.com\/ca\/wp-json\/wp\/v2\/types\/page"}],"author":[{"embeddable":true,"href":"https:\/\/lacasaqueeres.metrovacesa.com\/ca\/wp-json\/wp\/v2\/users\/21"}],"replies":[{"embeddable":true,"href":"https:\/\/lacasaqueeres.metrovacesa.com\/ca\/wp-json\/wp\/v2\/comments?post=402114"}],"version-history":[{"count":0,"href":"https:\/\/lacasaqueeres.metrovacesa.com\/ca\/wp-json\/wp\/v2\/pages\/402114\/revisions"}],"wp:attachment":[{"href":"https:\/\/lacasaqueeres.metrovacesa.com\/ca\/wp-json\/wp\/v2\/media?parent=402114"}],"curies":[{"name":"wp","href":"https:\/\/api.w.org\/{rel}","templated":true}]}}